{"id":75,"date":"2024-08-28T07:15:38","date_gmt":"2024-08-28T07:15:38","guid":{"rendered":"https:\/\/shop.entreprise-courtois-88.fr\/site\/?post_type=product&#038;p=75"},"modified":"2025-05-21T06:29:03","modified_gmt":"2025-05-21T06:29:03","slug":"wall-drying","status":"publish","type":"product","link":"https:\/\/shop.entreprise-courtois-88.fr\/site\/produit\/wall-drying\/","title":{"rendered":"Wall-drying"},"content":{"rendered":"<p class=\"zfr3Q CDt4Ke \" dir=\"ltr\"><span class=\"C9DxTc \">Le\u00a0<\/span><span class=\"C9DxTc \">wall-drying<\/span><span class=\"C9DxTc \">\u00a0est\u00a0 un syst\u00e8me g\u00e9o-magn\u00e9tique peu co\u00fbteux pour d\u00e9shumidifier la construction. Son action est sans fin et ne se termine que s\u2019il y a des dommages caus\u00e9s au mat\u00e9riel. Le\u00a0<\/span><span class=\"C9DxTc \">wall-drying<\/span><span class=\"C9DxTc \">\u00a0fonctionne sans \u00e9lectricit\u00e9, sans composants aimant\u00e9s ou m\u00e9talliques, pas de danger pour les humains, les animaux et les plantes.<\/span><\/p>\n<p dir=\"ltr\">Garantie de remboursement 365 jours pour tout les mod\u00e8les d\u2019ass\u00e8cheur de mur wall-drying<\/p>\n<p class=\"zfr3Q CDt4Ke \" dir=\"ltr\"><span class=\"C9DxTc \">Les informations pour la d\u00e9shumidification sont stock\u00e9es sur trois couches de la mati\u00e8re du produit. Le mat\u00e9riau en tant que tel est donc le support de l&rsquo;information.\u00a0<\/span><span class=\"C9DxTc \">\u00a0\u00a0\u00a0\u00a0<\/span><\/p>\n<p class=\"zfr3Q CDt4Ke \" dir=\"ltr\"><span class=\"C9DxTc \">Wall-drying<\/span><span class=\"C9DxTc \">\u00a0 agit sur l\u2019humidit\u00e9 capillaire et de condensation gr\u00e2ce au g\u00e9o-magn\u00e9tisme, exclusivement dans la structure de construction pour atteindre l&rsquo;\u00e9quilibre de l&rsquo;humidit\u00e9 naturelle. L\u2019humidit\u00e9 du\u00a0 b\u00e2timent (mur, cloison, dalle\u2026) est repouss\u00e9e par\u00a0<\/span><span class=\"C9DxTc \">wall-drying<\/span><span class=\"C9DxTc \">\u00a0 dans le sol.\u00a0 Avec la d\u00e9shumidification,\u00a0 les champignons d\u00e9p\u00e9rissent, les moisissures s\u00e8chent. La r\u00e9duction de l&rsquo;odeur est tr\u00e8s nettement perceptible apr\u00e8s environ 2 semaines.\u00a0 Une bonne ventilation soutient le processus de d\u00e9shumidification.<\/span><\/p>\n<p class=\"zfr3Q CDt4Ke \" dir=\"ltr\"><span class=\"C9DxTc \">Une forte densit\u00e9 de mati\u00e8re de b\u00e2timents, tels que le b\u00e9ton, peut ralentir cette d\u00e9shumidification forte. La d\u00e9shumidification commence avec la mise en place du\u00a0<\/span><span class=\"C9DxTc \">wall-drying<\/span><span class=\"C9DxTc \">. Apr\u00e8s quelques semaines,\u00a0 il convient de noter une baisse du taux d\u2019humidit\u00e9. La d\u00e9shumidification est termin\u00e9e lorsque l&rsquo;\u00e9quilibre de l&rsquo;humidit\u00e9 naturelle de la structure du b\u00e2timent est atteint.<\/span><\/p>\n<p class=\"zfr3Q CDt4Ke \" dir=\"ltr\"><span class=\"C9DxTc \">Avec\u00a0<\/span><span class=\"C9DxTc \">wall-drying<\/span><span class=\"C9DxTc \">\u00a0 vous avez une alternative peu co\u00fbteuse pour d\u00e9shumidifier les structures des b\u00e2timents et donc aussi pour am\u00e9liorer votre cadre de vie, r\u00e9duire votre note de chauffage (les mat\u00e9riaux secs sont plus isolants).\u00a0\u00a0<\/span><\/p>\n<p class=\"zfr3Q CDt4Ke \" dir=\"ltr\"><span class=\"C9DxTc \">Ce dispositif peut convenir \u00e0 diff\u00e9rents types de mat\u00e9riaux : Murs en pierre, murs en brique, murs en parpaing b\u00e9ton, fondations.<\/span><\/p>\n<p class=\"zfr3Q CDt4Ke \" dir=\"ltr\"><span class=\"C9DxTc \">Certains probl\u00e8mes compliquent le processus de d\u00e9shumidification et doivent \u00eatre corrig\u00e9s : fuites de tuyau d\u2019\u00e9vacuation, infiltration d\u2019eau de pluie, fondations perm\u00e9ables \u00e0 l\u2019eau du sol et dommages dans le drainage.<\/span><\/p>\n","protected":false},"excerpt":{"rendered":"<p><span class=\"C9DxTc \">Le\u00a0<\/span><span class=\"C9DxTc \">wall-drying<\/span><span class=\"C9DxTc \">\u00a0est\u00a0 un syst\u00e8me g\u00e9o-magn\u00e9tique peu co\u00fbteux pour d\u00e9shumidifier la construction. Son action est sans fin et ne se termine que s\u2019il y a des dommages caus\u00e9s au mat\u00e9riel. Le\u00a0<\/span><span class=\"C9DxTc \">wall-drying<\/span><span class=\"C9DxTc \">\u00a0fonctionne sans \u00e9lectricit\u00e9, sans composants aimant\u00e9s ou m\u00e9talliques, pas de danger pour les humains, les animaux et les plantes.<\/span><\/p>\n<p>Garantie de remboursement 365 jours pour tout les mod\u00e8les d\u2019ass\u00e8cheur de mur wall-drying<\/p>\n","protected":false},"featured_media":80,"comment_status":"open","ping_status":"closed","template":"","meta":[],"product_brand":[],"product_cat":[15],"product_tag":[],"class_list":{"0":"post-75","1":"product","2":"type-product","3":"status-publish","4":"has-post-thumbnail","6":"product_cat-assecheur-de-mur","8":"first","9":"onbackorder","10":"taxable","11":"shipping-taxable","12":"purchasable","13":"product-type-variable"},"_links":{"self":[{"href":"https:\/\/shop.entreprise-courtois-88.fr\/site\/wp-json\/wp\/v2\/product\/75","targetHints":{"allow":["GET"]}}],"collection":[{"href":"https:\/\/shop.entreprise-courtois-88.fr\/site\/wp-json\/wp\/v2\/product"}],"about":[{"href":"https:\/\/shop.entreprise-courtois-88.fr\/site\/wp-json\/wp\/v2\/types\/product"}],"replies":[{"embeddable":true,"href":"https:\/\/shop.entreprise-courtois-88.fr\/site\/wp-json\/wp\/v2\/comments?post=75"}],"wp:featuredmedia":[{"embeddable":true,"href":"https:\/\/shop.entreprise-courtois-88.fr\/site\/wp-json\/wp\/v2\/media\/80"}],"wp:attachment":[{"href":"https:\/\/shop.entreprise-courtois-88.fr\/site\/wp-json\/wp\/v2\/media?parent=75"}],"wp:term":[{"taxonomy":"product_brand","embeddable":true,"href":"https:\/\/shop.entreprise-courtois-88.fr\/site\/wp-json\/wp\/v2\/product_brand?post=75"},{"taxonomy":"product_cat","embeddable":true,"href":"https:\/\/shop.entreprise-courtois-88.fr\/site\/wp-json\/wp\/v2\/product_cat?post=75"},{"taxonomy":"product_tag","embeddable":true,"href":"https:\/\/shop.entreprise-courtois-88.fr\/site\/wp-json\/wp\/v2\/product_tag?post=75"}],"curies":[{"name":"wp","href":"https:\/\/api.w.org\/{rel}","templated":true}]}}