{"id":269,"date":"2025-05-19T12:14:53","date_gmt":"2025-05-19T12:14:53","guid":{"rendered":"https:\/\/shop.entreprise-courtois-88.fr\/site\/?post_type=product&#038;p=269"},"modified":"2025-05-19T12:18:35","modified_gmt":"2025-05-19T12:18:35","slug":"vitalquartz-tapfilter","status":"publish","type":"product","link":"https:\/\/shop.entreprise-courtois-88.fr\/site\/produit\/vitalquartz-tapfilter\/","title":{"rendered":"VitalQuartz TapFilter"},"content":{"rendered":"<div class=\"elementor-element elementor-element-b586d6 elementor-hidden-tablet elementor-hidden-mobile elementor-widget elementor-widget-woocommerce-product-title elementor-page-title elementor-widget-heading\" data-id=\"b586d6\" data-element_type=\"widget\" data-widget_type=\"woocommerce-product-title.default\">\n<div class=\"elementor-widget-container\">\n<h1 class=\"product_title entry-title elementor-heading-title elementor-size-default\">VitalQuartz TapFilter<\/h1>\n<\/div>\n<\/div>\n<div class=\"elementor-element elementor-element-6b8a5058 elementor-widget elementor-widget-woocommerce-product-short-description\" data-id=\"6b8a5058\" data-element_type=\"widget\" data-widget_type=\"woocommerce-product-short-description.default\">\n<div class=\"elementor-widget-container\">\n<div class=\"woocommerce-product-details__short-description\">\n<h4><strong>Filtrez l\u2019eau du r\u00e9seau directement au robinet<\/strong><\/h4>\n<p>Le TapFilter vous fournit une eau d\u00e9barrass\u00e9e de la quasi totalit\u00e9 de ses composants ind\u00e9sirables et dangereux : chlore, bact\u00e9ries, champignons, m\u00e9taux lourds, m\u00e9dicaments, r\u00e9sidus chimiques de l\u2019agriculture et de la pollution\u2026 ainsi que les hormones.\u00a0Tout go\u00fbt ou odeur d\u00e9sagr\u00e9able dispara\u00eet totalement : on retrouve le plaisir d\u2019une eau saine et agr\u00e9able.<\/p>\n<p>Il offre une qualit\u00e9 de filtration exceptionnelle :<br \/>\n\u2022 plus de <strong>99,9% des bact\u00e9ries et micro-organismes<\/strong>,<br \/>\n\u2022 plus de <strong>90% des m\u00e9taux lourds<\/strong>,<br \/>\n\u2022 plus de <strong>99% des polluants chimiques<\/strong>,<br \/>\n\u2022 plus de <strong>99,5% des r\u00e9sidus de m\u00e9dicament<\/strong>s.<\/p>\n<p><em>Taux mesur\u00e9s en fin de vie de la cartouche et valid\u00e9s par un organisme de certification europ\u00e9en.<\/em><\/p>\n<\/div>\n<\/div>\n<\/div>\n","protected":false},"excerpt":{"rendered":"<div class=\"elementor-element elementor-element-b586d6 elementor-hidden-tablet elementor-hidden-mobile elementor-widget elementor-widget-woocommerce-product-title elementor-page-title elementor-widget-heading\" data-id=\"b586d6\" data-element_type=\"widget\" data-widget_type=\"woocommerce-product-title.default\">\n<div class=\"elementor-widget-container\">\n<h1 class=\"product_title entry-title elementor-heading-title elementor-size-default\">VitalQuartz TapFilter<\/h1>\n<\/div>\n<\/div>\n<div class=\"elementor-element elementor-element-6b8a5058 elementor-widget elementor-widget-woocommerce-product-short-description\" data-id=\"6b8a5058\" data-element_type=\"widget\" data-widget_type=\"woocommerce-product-short-description.default\">\n<div class=\"elementor-widget-container\">\n<div class=\"woocommerce-product-details__short-description\">\n<h4><strong>Filtrez l\u2019eau du r\u00e9seau directement au robinet<\/strong><\/h4>\n<\/div>\n<\/div>\n<\/div>\n","protected":false},"featured_media":272,"comment_status":"open","ping_status":"closed","template":"","meta":[],"product_brand":[],"product_cat":[39],"product_tag":[],"class_list":{"0":"post-269","1":"product","2":"type-product","3":"status-publish","4":"has-post-thumbnail","6":"product_cat-traitement-deau","8":"first","9":"onbackorder","10":"taxable","11":"shipping-taxable","12":"purchasable","13":"product-type-simple"},"_links":{"self":[{"href":"https:\/\/shop.entreprise-courtois-88.fr\/site\/wp-json\/wp\/v2\/product\/269","targetHints":{"allow":["GET"]}}],"collection":[{"href":"https:\/\/shop.entreprise-courtois-88.fr\/site\/wp-json\/wp\/v2\/product"}],"about":[{"href":"https:\/\/shop.entreprise-courtois-88.fr\/site\/wp-json\/wp\/v2\/types\/product"}],"replies":[{"embeddable":true,"href":"https:\/\/shop.entreprise-courtois-88.fr\/site\/wp-json\/wp\/v2\/comments?post=269"}],"wp:featuredmedia":[{"embeddable":true,"href":"https:\/\/shop.entreprise-courtois-88.fr\/site\/wp-json\/wp\/v2\/media\/272"}],"wp:attachment":[{"href":"https:\/\/shop.entreprise-courtois-88.fr\/site\/wp-json\/wp\/v2\/media?parent=269"}],"wp:term":[{"taxonomy":"product_brand","embeddable":true,"href":"https:\/\/shop.entreprise-courtois-88.fr\/site\/wp-json\/wp\/v2\/product_brand?post=269"},{"taxonomy":"product_cat","embeddable":true,"href":"https:\/\/shop.entreprise-courtois-88.fr\/site\/wp-json\/wp\/v2\/product_cat?post=269"},{"taxonomy":"product_tag","embeddable":true,"href":"https:\/\/shop.entreprise-courtois-88.fr\/site\/wp-json\/wp\/v2\/product_tag?post=269"}],"curies":[{"name":"wp","href":"https:\/\/api.w.org\/{rel}","templated":true}]}}