{"id":248,"date":"2024-10-16T08:55:08","date_gmt":"2024-10-16T08:55:08","guid":{"rendered":"https:\/\/shop.entreprise-courtois-88.fr\/site\/?post_type=product&#038;p=248"},"modified":"2025-05-19T12:18:40","modified_gmt":"2025-05-19T12:18:40","slug":"amulette-feu-sans-report-68degc-019-m3","status":"publish","type":"product","link":"https:\/\/shop.entreprise-courtois-88.fr\/site\/produit\/amulette-feu-sans-report-68degc-019-m3\/","title":{"rendered":"Amulette feu sans report &#8211; 68DEGC &#8211; 0,19 m3"},"content":{"rendered":"<p>Syst\u00e8me d\u2019extinction autonome \u00e0 d\u00e9clenchement thermique.<br \/>\nAgent extincteur : Novec. Non conducteur &#8211; Z\u00e9ro r\u00e9sidu.<br \/>\nAucune d\u00e9gradation sur les \u00e9quipements prot\u00e9g\u00e9s.<br \/>\nExiste \u00e9galement avec report pour alarme technique.<\/p>\n<p>Lutte contre les d\u00e9parts de feu dans un<br \/>\nencombrement r\u00e9duit.<br \/>\nExemple : baies informatiques, coffrets \u00e9lectriques.<\/p>\n","protected":false},"excerpt":{"rendered":"<p>Syst\u00e8me d\u2019extinction autonome \u00e0 d\u00e9clenchement thermique.<br \/>\nAgent extincteur : Novec. Non conducteur &#8211; Z\u00e9ro r\u00e9sidu.<br \/>\nAucune d\u00e9gradation sur les \u00e9quipements prot\u00e9g\u00e9s.<br \/>\nExiste \u00e9galement avec report pour alarme technique.<\/p>\n<p>Lutte contre les d\u00e9parts de feu dans un<br \/>\nencombrement r\u00e9duit.<br \/>\nExemple : baies informatiques, coffrets \u00e9lectriques.<\/p>\n","protected":false},"featured_media":249,"comment_status":"open","ping_status":"closed","template":"","meta":[],"product_brand":[],"product_cat":[40],"product_tag":[],"class_list":{"0":"post-248","1":"product","2":"type-product","3":"status-publish","4":"has-post-thumbnail","6":"product_cat-protection-incendie","8":"first","9":"onbackorder","10":"taxable","11":"shipping-taxable","12":"purchasable","13":"product-type-simple"},"_links":{"self":[{"href":"https:\/\/shop.entreprise-courtois-88.fr\/site\/wp-json\/wp\/v2\/product\/248","targetHints":{"allow":["GET"]}}],"collection":[{"href":"https:\/\/shop.entreprise-courtois-88.fr\/site\/wp-json\/wp\/v2\/product"}],"about":[{"href":"https:\/\/shop.entreprise-courtois-88.fr\/site\/wp-json\/wp\/v2\/types\/product"}],"replies":[{"embeddable":true,"href":"https:\/\/shop.entreprise-courtois-88.fr\/site\/wp-json\/wp\/v2\/comments?post=248"}],"wp:featuredmedia":[{"embeddable":true,"href":"https:\/\/shop.entreprise-courtois-88.fr\/site\/wp-json\/wp\/v2\/media\/249"}],"wp:attachment":[{"href":"https:\/\/shop.entreprise-courtois-88.fr\/site\/wp-json\/wp\/v2\/media?parent=248"}],"wp:term":[{"taxonomy":"product_brand","embeddable":true,"href":"https:\/\/shop.entreprise-courtois-88.fr\/site\/wp-json\/wp\/v2\/product_brand?post=248"},{"taxonomy":"product_cat","embeddable":true,"href":"https:\/\/shop.entreprise-courtois-88.fr\/site\/wp-json\/wp\/v2\/product_cat?post=248"},{"taxonomy":"product_tag","embeddable":true,"href":"https:\/\/shop.entreprise-courtois-88.fr\/site\/wp-json\/wp\/v2\/product_tag?post=248"}],"curies":[{"name":"wp","href":"https:\/\/api.w.org\/{rel}","templated":true}]}}