{"id":245,"date":"2024-10-03T07:53:20","date_gmt":"2024-10-03T07:53:20","guid":{"rendered":"https:\/\/shop.entreprise-courtois-88.fr\/site\/?post_type=product&#038;p=245"},"modified":"2025-06-05T08:02:51","modified_gmt":"2025-06-05T08:02:51","slug":"systeme-de-structuration-vitalquartz-chauffage-1","status":"publish","type":"product","link":"https:\/\/shop.entreprise-courtois-88.fr\/site\/produit\/systeme-de-structuration-vitalquartz-chauffage-1\/","title":{"rendered":"Syst\u00e8me de structuration VitalQuartz &#8211; Chauffage &#8211; 1&Prime;."},"content":{"rendered":"<p>Syst\u00e8me de structuration VitalQuartz &#8211; Chauffage &#8211; 1&Prime;.<br \/>\nEnl\u00e8ve les boues de l&rsquo;installation \u00e0 vie. Remplace un d\u00e9sembouage chimique (700\u20acTTC), et l&rsquo;usage d&rsquo;inhibiteur tous les 5ans. (200\u20acTTC)<br \/>\nUne installation sans boues c&rsquo;est :<br \/>\n&#8211; des \u00e9conomies d&rsquo;\u00e9nergie (meilleur rendement de la chaudi\u00e8re)<br \/>\n&#8211; un confort garanti (meilleur fonctionnement des radiateur)<br \/>\n&#8211; une dur\u00e9e de vie accru de l&rsquo;installation (moins de corrosion)<\/p>\n","protected":false},"excerpt":{"rendered":"<p>Syst\u00e8me de structuration VitalQuartz &#8211; Chauffage &#8211; 1&Prime;.<br \/>\nEnl\u00e8ve les boues de l&rsquo;installation \u00e0 vie. Remplace un d\u00e9sembouage chimique (700\u20acTTC), et l&rsquo;usage d&rsquo;inhibiteur tous les 5ans. (200\u20acTTC)<br \/>\nUne installation sans boues c&rsquo;est :<br \/>\n&#8211; des \u00e9conomies d&rsquo;\u00e9nergie (meilleur rendement de la chaudi\u00e8re)<br \/>\n&#8211; un confort garanti (meilleur fonctionnement des radiateur)<br \/>\n&#8211; une dur\u00e9e de vie accru de l&rsquo;installation (moins de corrosion)<\/p>\n","protected":false},"featured_media":246,"comment_status":"open","ping_status":"closed","template":"","meta":[],"product_brand":[],"product_cat":[39],"product_tag":[],"class_list":{"0":"post-245","1":"product","2":"type-product","3":"status-publish","4":"has-post-thumbnail","6":"product_cat-traitement-deau","8":"first","9":"instock","10":"taxable","11":"shipping-taxable","12":"purchasable","13":"product-type-simple"},"_links":{"self":[{"href":"https:\/\/shop.entreprise-courtois-88.fr\/site\/wp-json\/wp\/v2\/product\/245","targetHints":{"allow":["GET"]}}],"collection":[{"href":"https:\/\/shop.entreprise-courtois-88.fr\/site\/wp-json\/wp\/v2\/product"}],"about":[{"href":"https:\/\/shop.entreprise-courtois-88.fr\/site\/wp-json\/wp\/v2\/types\/product"}],"replies":[{"embeddable":true,"href":"https:\/\/shop.entreprise-courtois-88.fr\/site\/wp-json\/wp\/v2\/comments?post=245"}],"wp:featuredmedia":[{"embeddable":true,"href":"https:\/\/shop.entreprise-courtois-88.fr\/site\/wp-json\/wp\/v2\/media\/246"}],"wp:attachment":[{"href":"https:\/\/shop.entreprise-courtois-88.fr\/site\/wp-json\/wp\/v2\/media?parent=245"}],"wp:term":[{"taxonomy":"product_brand","embeddable":true,"href":"https:\/\/shop.entreprise-courtois-88.fr\/site\/wp-json\/wp\/v2\/product_brand?post=245"},{"taxonomy":"product_cat","embeddable":true,"href":"https:\/\/shop.entreprise-courtois-88.fr\/site\/wp-json\/wp\/v2\/product_cat?post=245"},{"taxonomy":"product_tag","embeddable":true,"href":"https:\/\/shop.entreprise-courtois-88.fr\/site\/wp-json\/wp\/v2\/product_tag?post=245"}],"curies":[{"name":"wp","href":"https:\/\/api.w.org\/{rel}","templated":true}]}}