{"id":214,"date":"2024-09-01T15:45:07","date_gmt":"2024-09-01T15:45:07","guid":{"rendered":"https:\/\/shop.entreprise-courtois-88.fr\/site\/?post_type=product&#038;p=214"},"modified":"2025-05-19T08:55:26","modified_gmt":"2025-05-19T08:55:26","slug":"traitement-deau-vitalquartz","status":"publish","type":"product","link":"https:\/\/shop.entreprise-courtois-88.fr\/site\/produit\/traitement-deau-vitalquartz\/","title":{"rendered":"Traitement d&rsquo;eau VitalQuartz"},"content":{"rendered":"<div class=\"elementor-element elementor-element-10c6ba39 elementor-widget elementor-widget-heading\" data-id=\"10c6ba39\" data-element_type=\"widget\" data-widget_type=\"heading.default\">\n<div class=\"elementor-widget-container\">\n<h3 class=\"elementor-heading-title elementor-size-default\">Traitement des circuits ouverts<\/h3>\n<\/div>\n<\/div>\n<div class=\"elementor-element elementor-element-32a920bb elementor-widget elementor-widget-text-editor\" data-id=\"32a920bb\" data-element_type=\"widget\" data-widget_type=\"text-editor.default\">\n<div class=\"elementor-widget-container\">\n<p>Les syst\u00e8mes VitalQuartz ne sont pas de simples anti-tartre magn\u00e9tiques ou autres ! Ils sont de v\u00e9ritables syst\u00e8mes de structuration de l\u2019eau agissant sur la probl\u00e9matique du calcaire d\u2019une part, bien s\u00fbr, mais \u00e9galement sur bien d\u2019autres param\u00e8tres li\u00e9s \u00e0 l\u2019eau, par exemple :<\/p>\n<\/div>\n<\/div>\n<div class=\"elementor-element elementor-element-aa596d0 elementor-icon-list--layout-traditional elementor-list-item-link-full_width elementor-widget elementor-widget-icon-list\" data-id=\"aa596d0\" data-element_type=\"widget\" data-widget_type=\"icon-list.default\">\n<div class=\"elementor-widget-container\">\n<ul class=\"elementor-icon-list-items\">\n<li class=\"elementor-icon-list-item\"><i class=\"fas fa-chevron-right\" aria-hidden=\"true\"><\/i> <span class=\"elementor-icon-list-text\">La capacit\u00e9 bact\u00e9riostatique<\/span><\/li>\n<li class=\"elementor-icon-list-item\"><i class=\"fas fa-chevron-right\" aria-hidden=\"true\"><\/i> <span class=\"elementor-icon-list-text\">La r\u00e9gulation du pH<\/span><\/li>\n<li class=\"elementor-icon-list-item\"><i class=\"fas fa-chevron-right\" aria-hidden=\"true\"><\/i> <span class=\"elementor-icon-list-text\"> La tension superficielle de l&rsquo;eau<\/span><\/li>\n<li class=\"elementor-icon-list-item\"><i class=\"fas fa-chevron-right\" aria-hidden=\"true\"><\/i> <span class=\"elementor-icon-list-text\">Le pouvoir caloporteur de l&rsquo;eau<\/span><\/li>\n<li class=\"elementor-icon-list-item\"><i class=\"fas fa-chevron-right\" aria-hidden=\"true\"><\/i> <span class=\"elementor-icon-list-text\">Impact positif sur le vivant<\/span><\/li>\n<\/ul>\n<div class=\"elementor-element elementor-element-e37501a elementor-widget elementor-widget-heading\" data-id=\"e37501a\" data-element_type=\"widget\" data-widget_type=\"heading.default\">\n<div class=\"elementor-widget-container\">\n<h3 class=\"elementor-heading-title elementor-size-default\">Domaines d&rsquo;application<\/h3>\n<\/div>\n<\/div>\n<div class=\"elementor-element elementor-element-bbb6203 elementor-widget elementor-widget-text-editor\" data-id=\"bbb6203\" data-element_type=\"widget\" data-widget_type=\"text-editor.default\">\n<div class=\"elementor-widget-container\">\n<p>La s\u00e9rie DH est notamment con\u00e7ue pour l\u2019eau d\u2019adduction, par exemple pour alimenter :<\/p>\n<\/div>\n<\/div>\n<div class=\"elementor-element elementor-element-4ad5737 elementor-icon-list--layout-traditional elementor-list-item-link-full_width elementor-widget elementor-widget-icon-list\" data-id=\"4ad5737\" data-element_type=\"widget\" data-widget_type=\"icon-list.default\">\n<div class=\"elementor-widget-container\">\n<ul class=\"elementor-icon-list-items\">\n<li class=\"elementor-icon-list-item\"><i class=\"fas fa-check\" aria-hidden=\"true\"><\/i> <span class=\"elementor-icon-list-text\">Adduction communale<\/span><\/li>\n<li class=\"elementor-icon-list-item\"><i class=\"fas fa-check\" aria-hidden=\"true\"><\/i> <span class=\"elementor-icon-list-text\">Village, quartier, zone pavillonnaire, ville<\/span><\/li>\n<li class=\"elementor-icon-list-item\"><i class=\"fas fa-check\" aria-hidden=\"true\"><\/i> <span class=\"elementor-icon-list-text\">R\u00e9sidence, complexe touristique, sportif, culturel&#8230;<\/span><\/li>\n<li class=\"elementor-icon-list-item\"><i class=\"fas fa-check\" aria-hidden=\"true\"><\/i> <span class=\"elementor-icon-list-text\">Habitat individuel : maison, appartement&#8230;<\/span><\/li>\n<li class=\"elementor-icon-list-item\"><i class=\"fas fa-check\" aria-hidden=\"true\"><\/i> <span class=\"elementor-icon-list-text\">Usine, site industriel, zone industrielle<\/span><\/li>\n<li class=\"elementor-icon-list-item\"><i class=\"fas fa-check\" aria-hidden=\"true\"><\/i> <span class=\"elementor-icon-list-text\">Station de retraitement des eaux ou rejet des eaux (refroidissement des sites sensibles par exemple)<\/span><\/li>\n<li class=\"elementor-icon-list-item\"><i class=\"fas fa-check\" aria-hidden=\"true\"><\/i> <span class=\"elementor-icon-list-text\">Irrigation, arrosage<\/span><\/li>\n<li class=\"elementor-icon-list-item\"><i class=\"fas fa-check\" aria-hidden=\"true\"><\/i> <span class=\"elementor-icon-list-text\">Abreuvage des animaux<\/span><\/li>\n<\/ul>\n<\/div>\n<\/div>\n<\/div>\n<\/div>\n","protected":false},"excerpt":{"rendered":"<p>Les syst\u00e8mes VitalQuartz ne sont pas de simples anti-tartre magn\u00e9tiques ou autres ! Ils sont de v\u00e9ritables syst\u00e8mes de structuration de l\u2019eau agissant sur la probl\u00e9matique du calcaire d\u2019une part, bien s\u00fbr, mais \u00e9galement sur bien d\u2019autres param\u00e8tres li\u00e9s \u00e0 l\u2019eau<\/p>\n","protected":false},"featured_media":215,"comment_status":"open","ping_status":"closed","template":"","meta":[],"product_brand":[],"product_cat":[39],"product_tag":[],"class_list":{"0":"post-214","1":"product","2":"type-product","3":"status-publish","4":"has-post-thumbnail","6":"product_cat-traitement-deau","8":"first","9":"instock","10":"taxable","11":"shipping-taxable","12":"purchasable","13":"product-type-simple"},"_links":{"self":[{"href":"https:\/\/shop.entreprise-courtois-88.fr\/site\/wp-json\/wp\/v2\/product\/214","targetHints":{"allow":["GET"]}}],"collection":[{"href":"https:\/\/shop.entreprise-courtois-88.fr\/site\/wp-json\/wp\/v2\/product"}],"about":[{"href":"https:\/\/shop.entreprise-courtois-88.fr\/site\/wp-json\/wp\/v2\/types\/product"}],"replies":[{"embeddable":true,"href":"https:\/\/shop.entreprise-courtois-88.fr\/site\/wp-json\/wp\/v2\/comments?post=214"}],"wp:featuredmedia":[{"embeddable":true,"href":"https:\/\/shop.entreprise-courtois-88.fr\/site\/wp-json\/wp\/v2\/media\/215"}],"wp:attachment":[{"href":"https:\/\/shop.entreprise-courtois-88.fr\/site\/wp-json\/wp\/v2\/media?parent=214"}],"wp:term":[{"taxonomy":"product_brand","embeddable":true,"href":"https:\/\/shop.entreprise-courtois-88.fr\/site\/wp-json\/wp\/v2\/product_brand?post=214"},{"taxonomy":"product_cat","embeddable":true,"href":"https:\/\/shop.entreprise-courtois-88.fr\/site\/wp-json\/wp\/v2\/product_cat?post=214"},{"taxonomy":"product_tag","embeddable":true,"href":"https:\/\/shop.entreprise-courtois-88.fr\/site\/wp-json\/wp\/v2\/product_tag?post=214"}],"curies":[{"name":"wp","href":"https:\/\/api.w.org\/{rel}","templated":true}]}}