{"id":132,"date":"2024-08-31T16:07:28","date_gmt":"2024-08-31T16:07:28","guid":{"rendered":"https:\/\/shop.entreprise-courtois-88.fr\/site\/?page_id=132"},"modified":"2024-09-01T09:53:57","modified_gmt":"2024-09-01T09:53:57","slug":"mentions-legales","status":"publish","type":"page","link":"https:\/\/shop.entreprise-courtois-88.fr\/site\/mentions-legales\/","title":{"rendered":"Mentions l\u00e9gales"},"content":{"rendered":"<div class=\"wp-block-image\">\n<figure class=\"aligncenter size-full\"><img loading=\"lazy\" decoding=\"async\" width=\"445\" height=\"250\" src=\"https:\/\/shop.entreprise-courtois-88.fr\/site\/wp-content\/uploads\/2024\/08\/mentions.png\" alt=\"\" class=\"wp-image-140\" srcset=\"https:\/\/shop.entreprise-courtois-88.fr\/site\/wp-content\/uploads\/2024\/08\/mentions.png 445w, https:\/\/shop.entreprise-courtois-88.fr\/site\/wp-content\/uploads\/2024\/08\/mentions-300x169.png 300w, https:\/\/shop.entreprise-courtois-88.fr\/site\/wp-content\/uploads\/2024\/08\/mentions-416x234.png 416w\" sizes=\"auto, (max-width: 445px) 100vw, 445px\" \/><\/figure>\n<\/div>\n\n\n<h1 class=\"wp-block-heading\">Politique en mati\u00e8re de remboursements et de retours<\/h1>\n\n\n\n<p>Notre politique de remboursement et de retour dure 30 jours. Si 30 jours se sont \u00e9coul\u00e9s depuis votre achat, nous ne pouvons pas vous proposer un remboursement complet ou un \u00e9change.<\/p>\n\n\n\n<p>La politique de remboursement est \u00e9tendu \u00e0 365 jours pour tout les mod\u00e8les d&rsquo;ass\u00e8cheur de mur wall-drying<\/p>\n\n\n\n<p>Pour pouvoir b\u00e9n\u00e9ficier d&rsquo;un retour, votre article doit \u00eatre en bon \u00e9tat et dans le m\u00eame \u00e9tat dans lequel vous l&rsquo;avez re\u00e7u.<\/p>\n\n\n\n<p>Plusieurs types de marchandises sont exempt\u00e9es de retour. Les biens p\u00e9rissables tels que la nourriture, les fleurs, les journaux ou les magazines ne peuvent pas \u00eatre retourn\u00e9s. Nous n&rsquo;acceptons pas non plus les produits qui sont des articles intimes ou sanitaires, des mati\u00e8res dangereuses ou des liquides ou gaz inflammables.<\/p>\n\n\n\n<p>Articles suppl\u00e9mentaires non retournables&nbsp;:<\/p>\n\n\n\n<ul class=\"wp-block-list\">\n<li>Cartes cadeaux<\/li>\n\n\n\n<li>Produits logiciels t\u00e9l\u00e9chargeables<\/li>\n\n\n\n<li>Certains articles de sant\u00e9 et de soins personnels<\/li>\n<\/ul>\n\n\n\n<p>Il existe certaines situations dans lesquelles seuls des remboursements partiels sont accord\u00e9s :<\/p>\n\n\n\n<ul class=\"wp-block-list\">\n<li>Tout article qui n&rsquo;est pas dans son \u00e9tat d&rsquo;origine, est endommag\u00e9 ou contient des pi\u00e8ces manquantes pour des raisons qui ne sont pas dues \u00e0 notre erreur.<\/li>\n\n\n\n<li>Tout article retourn\u00e9 plus de 30 jours apr\u00e8s la livraison<\/li>\n<\/ul>\n\n\n\n<h2 class=\"wp-block-heading\">Remboursements<\/h2>\n\n\n\n<p>Une fois votre retour re\u00e7u et inspect\u00e9, nous vous enverrons un e-mail pour vous informer que nous avons re\u00e7u votre article retourn\u00e9. Nous vous informerons \u00e9galement de l&rsquo;approbation ou du rejet de votre remboursement.<\/p>\n\n\n\n<p>Si votre demande est approuv\u00e9e, votre remboursement sera trait\u00e9 et un cr\u00e9dit sera automatiquement appliqu\u00e9 \u00e0 votre carte de cr\u00e9dit ou \u00e0 votre mode de paiement d&rsquo;origine, sous 10 jours.<\/p>\n\n\n\n<h3 class=\"wp-block-heading\">Remboursements tardifs ou manquants<\/h3>\n\n\n\n<p>Si vous n&rsquo;avez pas encore re\u00e7u de remboursement, v\u00e9rifiez d&rsquo;abord \u00e0 nouveau votre compte bancaire.<\/p>\n\n\n\n<p>Contactez ensuite la soci\u00e9t\u00e9 \u00e9mettrice de votre carte de cr\u00e9dit, cela peut prendre un certain temps avant que votre remboursement ne soit officiellement affich\u00e9.<\/p>\n\n\n\n<p>Contactez ensuite votre banque. Il y a souvent un certain temps de traitement avant qu&rsquo;un remboursement ne soit affich\u00e9.<\/p>\n\n\n\n<p>Si vous avez fait tout cela et que vous n&rsquo;avez toujours pas re\u00e7u votre remboursement, veuillez nous contacter.<\/p>\n\n\n\n<h2 class=\"wp-block-heading\">Cadeaux<\/h2>\n\n\n\n<p>Si l&rsquo;article a \u00e9t\u00e9 marqu\u00e9 comme cadeau lors de son achat et vous a \u00e9t\u00e9 exp\u00e9di\u00e9 directement, vous recevrez un cr\u00e9dit cadeau correspondant \u00e0 la valeur de votre retour. Une fois l&rsquo;article retourn\u00e9 re\u00e7u, un ch\u00e8que-cadeau vous sera envoy\u00e9 par courrier.<\/p>\n\n\n\n<p>Si l&rsquo;article n&rsquo;a pas \u00e9t\u00e9 marqu\u00e9 comme cadeau lors de l&rsquo;achat, ou si le donateur du cadeau s&rsquo;est fait exp\u00e9dier la commande pour vous l&rsquo;offrir plus tard, nous enverrons un remboursement au donateur du cadeau et il prendra connaissance de votre retour.<\/p>\n\n\n\n<h2 class=\"wp-block-heading\">Retours d&rsquo;exp\u00e9dition<\/h2>\n\n\n\n<p>Pour retourner votre produit, vous devez envoyer votre produit \u00e0&nbsp;notre d\u00e9p\u00f4t.<\/p>\n\n\n\n<p>Vous serez responsable de payer vos propres frais d\u2019exp\u00e9dition pour retourner votre article. Les frais d&rsquo;exp\u00e9dition ne sont pas remboursables. Si vous recevez un remboursement, les frais de retour seront d\u00e9duits de votre remboursement.<\/p>\n\n\n\n<p>Selon l&rsquo;endroit o\u00f9 vous habitez, le temps n\u00e9cessaire pour que votre produit \u00e9chang\u00e9 vous parvienne peut varier.<\/p>\n\n\n\n<p>Si vous retournez des articles plus chers, vous pouvez envisager d&rsquo;utiliser un service d&rsquo;exp\u00e9dition avec suivi ou de souscrire une assurance d&rsquo;exp\u00e9dition. Nous ne garantissons pas que nous recevrons votre article retourn\u00e9.<\/p>\n\n\n\n<h2 class=\"wp-block-heading\">Besoin d&rsquo;aide ?<\/h2>\n\n\n\n<p>Contactez-nous  pour toute question relative aux remboursements et aux retours.<\/p>\n","protected":false},"excerpt":{"rendered":"<p>Politique en mati\u00e8re de remboursements et de retours Notre politique de remboursement et de retour dure 30 jours. Si 30 jours se sont \u00e9coul\u00e9s depuis votre achat, nous ne pouvons pas vous proposer un remboursement complet ou un \u00e9change. La politique de remboursement est \u00e9tendu \u00e0 365 jours pour tout les mod\u00e8les d&rsquo;ass\u00e8cheur de mur [&hellip;]<\/p>\n","protected":false},"author":1,"featured_media":0,"parent":0,"menu_order":0,"comment_status":"closed","ping_status":"closed","template":"","meta":{"footnotes":""},"class_list":["post-132","page","type-page","status-publish","hentry"],"_links":{"self":[{"href":"https:\/\/shop.entreprise-courtois-88.fr\/site\/wp-json\/wp\/v2\/pages\/132","targetHints":{"allow":["GET"]}}],"collection":[{"href":"https:\/\/shop.entreprise-courtois-88.fr\/site\/wp-json\/wp\/v2\/pages"}],"about":[{"href":"https:\/\/shop.entreprise-courtois-88.fr\/site\/wp-json\/wp\/v2\/types\/page"}],"author":[{"embeddable":true,"href":"https:\/\/shop.entreprise-courtois-88.fr\/site\/wp-json\/wp\/v2\/users\/1"}],"replies":[{"embeddable":true,"href":"https:\/\/shop.entreprise-courtois-88.fr\/site\/wp-json\/wp\/v2\/comments?post=132"}],"version-history":[{"count":14,"href":"https:\/\/shop.entreprise-courtois-88.fr\/site\/wp-json\/wp\/v2\/pages\/132\/revisions"}],"predecessor-version":[{"id":175,"href":"https:\/\/shop.entreprise-courtois-88.fr\/site\/wp-json\/wp\/v2\/pages\/132\/revisions\/175"}],"wp:attachment":[{"href":"https:\/\/shop.entreprise-courtois-88.fr\/site\/wp-json\/wp\/v2\/media?parent=132"}],"curies":[{"name":"wp","href":"https:\/\/api.w.org\/{rel}","templated":true}]}}